{"id":80,"date":"2019-05-30T08:59:19","date_gmt":"2019-05-30T05:59:19","guid":{"rendered":"http:\/\/www.phiatolye.com\/?page_id=80"},"modified":"2024-11-17T22:01:57","modified_gmt":"2024-11-17T19:01:57","slug":"hakkimizda","status":"publish","type":"page","link":"https:\/\/www.phiatolye.com\/index.php\/hakkimizda\/","title":{"rendered":"Hakk\u0131m\u0131zda"},"content":{"rendered":"\t\t<div data-elementor-type=\"wp-post\" data-elementor-id=\"80\" class=\"elementor elementor-80\">\n\t\t\t\t\t\t<section class=\"elementor-section elementor-top-section elementor-element elementor-element-74620f96 elementor-section-full_width elementor-section-height-min-height elementor-section-content-middle elementor-section-height-default elementor-section-items-middle\" data-id=\"74620f96\" data-element_type=\"section\" data-e-type=\"section\" data-settings=\"{&quot;background_background&quot;:&quot;classic&quot;}\">\n\t\t\t\t\t\t\t<div class=\"elementor-background-overlay\"><\/div>\n\t\t\t\t\t\t\t<div class=\"elementor-container elementor-column-gap-default\">\n\t\t\t\t\t<div class=\"elementor-column elementor-col-100 elementor-top-column elementor-element elementor-element-6f497bc7\" data-id=\"6f497bc7\" data-element_type=\"column\" data-e-type=\"column\" data-settings=\"{&quot;background_background&quot;:&quot;classic&quot;}\">\n\t\t\t<div class=\"elementor-widget-wrap elementor-element-populated\">\n\t\t\t\t\t\t<div class=\"elementor-element elementor-element-308edeb7 elementor-widget elementor-widget-heading\" data-id=\"308edeb7\" data-element_type=\"widget\" data-e-type=\"widget\" data-widget_type=\"heading.default\">\n\t\t\t\t<div class=\"elementor-widget-container\">\n\t\t\t\t\t<h1 class=\"elementor-heading-title elementor-size-default\">Biz her zaman Haz\u0131r\u0131z !<\/h1>\t\t\t\t<\/div>\n\t\t\t\t<\/div>\n\t\t\t\t<div class=\"elementor-element elementor-element-b8a2637 elementor-widget elementor-widget-heading\" data-id=\"b8a2637\" data-element_type=\"widget\" data-e-type=\"widget\" data-widget_type=\"heading.default\">\n\t\t\t\t<div class=\"elementor-widget-container\">\n\t\t\t\t\t<h1 class=\"elementor-heading-title elementor-size-default\">1973 Y\u0131l\u0131nda Bursa da eski Bursal\u0131 bir ailenin ferdi olarak D\u00fcnyaya geldi.\n\n\u00d6\u011frenimini Bursa da tamamlad\u0131  1993 y\u0131l\u0131ndan beri i\u015f hayat\u0131nda ilk y\u0131llarda IT sekt\u00f6r\u00fcnde \u00e7al\u0131\u015fmas\u0131na ra\u011fmen 1996 y\u0131l\u0131ndan beri ila\u00e7 ve sa\u011fl\u0131k sekt\u00f6r\u00fcnde T\u0131bbi m\u00fcmessil olarak ba\u015flad\u0131\u011f\u0131 g\u00f6revinde s\u0131ras\u0131 ile B\u00f6lge M\u00fcd\u00fcr\u00fc , T\u00fcrkiye Sat\u0131\u015f M\u00fcd\u00fcr\u00fc , Genel Koordinat\u00f6r ,Medikal Direkt\u00f6r ve Genel M\u00fcd\u00fcr pozisyonlar\u0131nda \u00fcst d\u00fczey y\u00f6netici olarak g\u00f6rev ald\u0131.  \u0130FSAK \u00fcyesi ,memleketi Bursa da ise G\u00d6RSEL K\u00dcLT\u00dcR FOTO\u011eRAF DERNE\u011e\u0130 \u00fcyesi\n\n\u201cUzun y\u0131llar kurumsal firmalarda \u00fcst d\u00fczey y\u00f6neticilik yapt\u0131ktan sonra  Foto\u011fraf sanat\u0131n\u0131 ya\u015fam tarz\u0131 haline d\u00f6n\u00fc\u015ft\u00fcrd\u00fc\u201d\n\nBursa da ikamet etmekte ancak 10 y\u0131l \u0130stanbul da ya\u015fad\u0131.\n\n2000 - 2018\nPlaton felsefesini benimseyen sanat\u00e7\u0131 \u201cBildi\u011fim tek \u015fey hi\u00e7bir \u015fey bilmedi\u011fimdir\u201d diyerek foto\u011fraf\u0131n \u00f6m\u00fcr boyu bitmeyen ve devaml\u0131 g\u00fcncellenen teknoloji ile s\u00fcrekli yenilenen bir yolculuk oldu\u011funu s\u00f6yl\u00fcyor.\n\u00c7e\u015fitli alanlarda uzmanl\u0131klar\u0131 olan sanat\u00e7\u0131 2000 y\u0131l\u0131ndan beri foto\u011frafla amat\u00f6r olarak ilgilenmekte 2014 y\u0131l\u0131n\u0131n sonlar\u0131na do\u011fru \u0130stanbul da  Ross Akademia y\u0131 kurarak sa\u011fl\u0131k sekt\u00f6r\u00fc i\u00e7inde  Ki\u015fisel geli\u015fim , Medikal ve \u00dcr\u00fcn e\u011fitimlerinin yan\u0131nda Foto\u011fraf e\u011fitimleri vererek profesyonelli\u011fe ad\u0131m att\u0131. Halen Dijital Pazarlama y\u00f6neticisi olarak bir dermokozmetik firmada \u00e7al\u0131\u015fmaktad\u0131r.<br>\nPH\u0130 FOTO\u011eRAF AT\u00d6LYES\u0130\nwww.phiatolye.com\nSeyahat ve Foto\u011fraf art\u0131k vazge\u00e7ilmez bir ikili. Hatta payla\u015f\u0131m aya\u011f\u0131n\u0131 da eklersek telefonlar\u0131m\u0131z, kameralar\u0131m\u0131z, payla\u015f\u0131m platformlar\u0131 ve gezi planlar\u0131m\u0131z hayat\u0131m\u0131zda \u00f6nemli bir rol ta\u015f\u0131yor. Yeni rotalar, alternatif konaklamalar, do\u011fa ve kamp foto\u011fraf\u00e7\u0131l\u0131\u011f\u0131 bir \u00e7ok insan i\u00e7in yeni bir ya\u015fam tarz\u0131 haline geldi. G\u00fcn ge\u00e7tik\u00e7e g\u00fc\u00e7lenen bu toplulu\u011fun i\u00e7inde yer almak i\u00e7in biz de foto\u011fraf at\u00f6lyelerimiz ve gezilerimizle sizlere rehberlik yap\u0131yoruz.\n<\/h1>\t\t\t\t<\/div>\n\t\t\t\t<\/div>\n\t\t\t\t<div class=\"elementor-element elementor-element-06a14a4 elementor-widget elementor-widget-heading\" data-id=\"06a14a4\" data-element_type=\"widget\" data-e-type=\"widget\" data-widget_type=\"heading.default\">\n\t\t\t\t<div class=\"elementor-widget-container\">\n\t\t\t\t\t<h1 class=\"elementor-heading-title elementor-size-default\">Bu \u00e7ekilmez D\u00fcnyay\u0131 birlikte \u00e7ekilir hale getirmeye biz her zaman haz\u0131r\u0131z. Haydi gelin birlikte \u00e7ekelim \ud83d\ude42 Hem \u00f6\u011frenelim hem gezelim hemde e\u011flenelim ne dersin ? Beni merakm\u0131 ettiniz. \u0130\u015fte buraday\u0131m hadi beni takip et...<\/h1>\t\t\t\t<\/div>\n\t\t\t\t<\/div>\n\t\t\t\t<div class=\"elementor-element elementor-element-7082cfa8 elementor-widget elementor-widget-heading\" data-id=\"7082cfa8\" data-element_type=\"widget\" data-e-type=\"widget\" data-widget_type=\"heading.default\">\n\t\t\t\t<div class=\"elementor-widget-container\">\n\t\t\t\t\t<h3 class=\"elementor-heading-title elementor-size-default\">Bizi takip etmek istersen:<\/h3>\t\t\t\t<\/div>\n\t\t\t\t<\/div>\n\t\t\t\t<div class=\"elementor-element elementor-element-6c64daf0 e-grid-align-tablet-left e-grid-align-mobile-left elementor-shape-rounded elementor-grid-0 e-grid-align-center elementor-widget elementor-widget-social-icons\" data-id=\"6c64daf0\" data-element_type=\"widget\" data-e-type=\"widget\" data-widget_type=\"social-icons.default\">\n\t\t\t\t<div class=\"elementor-widget-container\">\n\t\t\t\t\t\t\t<div class=\"elementor-social-icons-wrapper elementor-grid\" role=\"list\">\n\t\t\t\t\t\t\t<span class=\"elementor-grid-item\" role=\"listitem\">\n\t\t\t\t\t<a class=\"elementor-icon elementor-social-icon elementor-social-icon-instagram elementor-animation-bounce-out elementor-repeater-item-3a9df59\" href=\"http:\/\/instagram.com\/cnytkckn\" rel=\"nofollow\">\n\t\t\t\t\t\t<span class=\"elementor-screen-only\">Instagram<\/span>\n\t\t\t\t\t\t<i aria-hidden=\"true\" class=\"fab fa-instagram\"><\/i>\t\t\t\t\t<\/a>\n\t\t\t\t<\/span>\n\t\t\t\t\t\t\t<span class=\"elementor-grid-item\" role=\"listitem\">\n\t\t\t\t\t<a class=\"elementor-icon elementor-social-icon elementor-social-icon-instagram elementor-animation-bounce-out elementor-repeater-item-f3c31c5\" href=\"http:\/\/instagram.com\/phifotoatolye\" rel=\"nofollow\">\n\t\t\t\t\t\t<span class=\"elementor-screen-only\">Instagram<\/span>\n\t\t\t\t\t\t<i aria-hidden=\"true\" class=\"fab fa-instagram\"><\/i>\t\t\t\t\t<\/a>\n\t\t\t\t<\/span>\n\t\t\t\t\t\t\t<span class=\"elementor-grid-item\" role=\"listitem\">\n\t\t\t\t\t<a class=\"elementor-icon elementor-social-icon elementor-social-icon-facebook-f elementor-animation-bounce-out elementor-repeater-item-486vy0g\" href=\"http:\/\/facebook.com\/cuneytakcakin\" rel=\"nofollow\">\n\t\t\t\t\t\t<span class=\"elementor-screen-only\">Facebook-f<\/span>\n\t\t\t\t\t\t<i aria-hidden=\"true\" class=\"fab fa-facebook-f\"><\/i>\t\t\t\t\t<\/a>\n\t\t\t\t<\/span>\n\t\t\t\t\t\t\t<span class=\"elementor-grid-item\" role=\"listitem\">\n\t\t\t\t\t<a class=\"elementor-icon elementor-social-icon elementor-social-icon-facebook-f elementor-animation-bounce-out elementor-repeater-item-f28a57e\" href=\"http:\/\/.facebook.com\/cnytkckn\" rel=\"nofollow\">\n\t\t\t\t\t\t<span class=\"elementor-screen-only\">Facebook-f<\/span>\n\t\t\t\t\t\t<i aria-hidden=\"true\" class=\"fab fa-facebook-f\"><\/i>\t\t\t\t\t<\/a>\n\t\t\t\t<\/span>\n\t\t\t\t\t\t\t<span class=\"elementor-grid-item\" role=\"listitem\">\n\t\t\t\t\t<a class=\"elementor-icon elementor-social-icon elementor-social-icon-x-twitter elementor-animation-bounce-out elementor-repeater-item-yp37zp8\" href=\"http:\/\/twitter.com\/cnytkckn\" rel=\"nofollow\">\n\t\t\t\t\t\t<span class=\"elementor-screen-only\">X-twitter<\/span>\n\t\t\t\t\t\t<i aria-hidden=\"true\" class=\"fab fa-x-twitter\"><\/i>\t\t\t\t\t<\/a>\n\t\t\t\t<\/span>\n\t\t\t\t\t<\/div>\n\t\t\t\t\t\t<\/div>\n\t\t\t\t<\/div>\n\t\t\t\t\t<\/div>\n\t\t<\/div>\n\t\t\t\t\t<\/div>\n\t\t<\/section>\n\t\t\t\t<section class=\"elementor-section elementor-top-section elementor-element elementor-element-3dca7ab elementor-section-boxed elementor-section-height-default elementor-section-height-default\" data-id=\"3dca7ab\" data-element_type=\"section\" data-e-type=\"section\">\n\t\t\t\t\t\t<div class=\"elementor-container elementor-column-gap-default\">\n\t\t\t\t\t<div class=\"elementor-column elementor-col-100 elementor-top-column elementor-element elementor-element-724e2b4\" data-id=\"724e2b4\" data-element_type=\"column\" data-e-type=\"column\">\n\t\t\t<div class=\"elementor-widget-wrap elementor-element-populated\">\n\t\t\t\t\t\t<div class=\"elementor-element elementor-element-37ddcef elementor-widget elementor-widget-video\" data-id=\"37ddcef\" data-element_type=\"widget\" data-e-type=\"widget\" data-settings=\"{&quot;youtube_url&quot;:&quot;https:\\\/\\\/youtu.be\\\/AW35omcMk8g&quot;,&quot;video_type&quot;:&quot;youtube&quot;,&quot;controls&quot;:&quot;yes&quot;}\" data-widget_type=\"video.default\">\n\t\t\t\t<div class=\"elementor-widget-container\">\n\t\t\t\t\t\t\t<div class=\"elementor-wrapper elementor-open-inline\">\n\t\t\t<div class=\"elementor-video\"><\/div>\t\t<\/div>\n\t\t\t\t\t\t<\/div>\n\t\t\t\t<\/div>\n\t\t\t\t\t<\/div>\n\t\t<\/div>\n\t\t\t\t\t<\/div>\n\t\t<\/section>\n\t\t\t\t<\/div>\n\t\t","protected":false},"excerpt":{"rendered":"<p>Biz her zaman Haz\u0131r\u0131z ! 1973 Y\u0131l\u0131nda Bursa da eski Bursal\u0131 bir ailenin ferdi olarak D\u00fcnyaya geldi. \u00d6\u011frenimini Bursa da tamamlad\u0131 1993 y\u0131l\u0131ndan beri i\u015f hayat\u0131nda ilk y\u0131llarda IT sekt\u00f6r\u00fcnde \u00e7al\u0131\u015fmas\u0131na ra\u011fmen 1996 y\u0131l\u0131ndan beri ila\u00e7 ve sa\u011fl\u0131k sekt\u00f6r\u00fcnde T\u0131bbi m\u00fcmessil olarak ba\u015flad\u0131\u011f\u0131 g\u00f6revinde s\u0131ras\u0131 &hellip; <a href=\"https:\/\/www.phiatolye.com\/index.php\/hakkimizda\/\" class=\"more-link\"><span>Continue reading<span class=\"screen-reader-text\">Hakk\u0131m\u0131zda<\/span><\/span><\/a><\/p>\n","protected":false},"author":1,"featured_media":0,"parent":0,"menu_order":7,"comment_status":"closed","ping_status":"closed","template":"elementor_header_footer","meta":{"_joinchat":[],"footnotes":"","_links_to":"","_links_to_target":""},"class_list":["post-80","page","type-page","status-publish","hentry"],"yoast_head":"<!-- This site is optimized with the Yoast SEO plugin v27.4 - https:\/\/yoast.com\/product\/yoast-seo-wordpress\/ -->\n<title>Hakk\u0131m\u0131zda - P h i A t \u00f6 l y e<\/title>\n<meta name=\"robots\" content=\"index, follow, max-snippet:-1, max-image-preview:large, max-video-preview:-1\" \/>\n<link rel=\"canonical\" href=\"https:\/\/www.phiatolye.com\/index.php\/hakkimizda\/\" \/>\n<meta property=\"og:locale\" content=\"tr_TR\" \/>\n<meta property=\"og:type\" content=\"article\" \/>\n<meta property=\"og:title\" content=\"Hakk\u0131m\u0131zda - P h i A t \u00f6 l y e\" \/>\n<meta property=\"og:description\" content=\"Biz her zaman Haz\u0131r\u0131z ! 1973 Y\u0131l\u0131nda Bursa da eski Bursal\u0131 bir ailenin ferdi olarak D\u00fcnyaya geldi. \u00d6\u011frenimini Bursa da tamamlad\u0131 1993 y\u0131l\u0131ndan beri i\u015f hayat\u0131nda ilk y\u0131llarda IT sekt\u00f6r\u00fcnde \u00e7al\u0131\u015fmas\u0131na ra\u011fmen 1996 y\u0131l\u0131ndan beri ila\u00e7 ve sa\u011fl\u0131k sekt\u00f6r\u00fcnde T\u0131bbi m\u00fcmessil olarak ba\u015flad\u0131\u011f\u0131 g\u00f6revinde s\u0131ras\u0131 &hellip; Continue readingHakk\u0131m\u0131zda\" \/>\n<meta property=\"og:url\" content=\"https:\/\/www.phiatolye.com\/index.php\/hakkimizda\/\" \/>\n<meta property=\"og:site_name\" content=\"P h i A t \u00f6 l y e\" \/>\n<meta property=\"article:publisher\" content=\"https:\/\/www.facebook.com\/phifotografatolyesi\" \/>\n<meta property=\"article:modified_time\" content=\"2024-11-17T19:01:57+00:00\" \/>\n<meta name=\"twitter:card\" content=\"summary_large_image\" \/>\n<meta name=\"twitter:site\" content=\"@cnytkckn\" \/>\n<meta name=\"twitter:label1\" content=\"Tahmini okuma s\u00fcresi\" \/>\n\t<meta name=\"twitter:data1\" content=\"2 dakika\" \/>\n<script type=\"application\/ld+json\" class=\"yoast-schema-graph\">{\"@context\":\"https:\\\/\\\/schema.org\",\"@graph\":[{\"@type\":\"WebPage\",\"@id\":\"https:\\\/\\\/www.phiatolye.com\\\/index.php\\\/hakkimizda\\\/\",\"url\":\"https:\\\/\\\/www.phiatolye.com\\\/index.php\\\/hakkimizda\\\/\",\"name\":\"Hakk\u0131m\u0131zda - P h i A t \u00f6 l y e\",\"isPartOf\":{\"@id\":\"https:\\\/\\\/www.phiatolye.com\\\/#website\"},\"datePublished\":\"2019-05-30T05:59:19+00:00\",\"dateModified\":\"2024-11-17T19:01:57+00:00\",\"breadcrumb\":{\"@id\":\"https:\\\/\\\/www.phiatolye.com\\\/index.php\\\/hakkimizda\\\/#breadcrumb\"},\"inLanguage\":\"tr\",\"potentialAction\":[{\"@type\":\"ReadAction\",\"target\":[\"https:\\\/\\\/www.phiatolye.com\\\/index.php\\\/hakkimizda\\\/\"]}]},{\"@type\":\"BreadcrumbList\",\"@id\":\"https:\\\/\\\/www.phiatolye.com\\\/index.php\\\/hakkimizda\\\/#breadcrumb\",\"itemListElement\":[{\"@type\":\"ListItem\",\"position\":1,\"name\":\"Anasayfa\",\"item\":\"https:\\\/\\\/www.phiatolye.com\\\/\"},{\"@type\":\"ListItem\",\"position\":2,\"name\":\"Hakk\u0131m\u0131zda\"}]},{\"@type\":\"WebSite\",\"@id\":\"https:\\\/\\\/www.phiatolye.com\\\/#website\",\"url\":\"https:\\\/\\\/www.phiatolye.com\\\/\",\"name\":\"Phi Foto\u011ffaf at\u00f6lyesi\",\"description\":\"Bursa Foto\u011fraf\u00e7\u0131l\u0131k Kursu\",\"publisher\":{\"@id\":\"https:\\\/\\\/www.phiatolye.com\\\/#organization\"},\"potentialAction\":[{\"@type\":\"SearchAction\",\"target\":{\"@type\":\"EntryPoint\",\"urlTemplate\":\"https:\\\/\\\/www.phiatolye.com\\\/?s={search_term_string}\"},\"query-input\":{\"@type\":\"PropertyValueSpecification\",\"valueRequired\":true,\"valueName\":\"search_term_string\"}}],\"inLanguage\":\"tr\"},{\"@type\":\"Organization\",\"@id\":\"https:\\\/\\\/www.phiatolye.com\\\/#organization\",\"name\":\"Phi Foto\u011fraf\u00e7\u0131l\u0131k Kursu\",\"url\":\"https:\\\/\\\/www.phiatolye.com\\\/\",\"logo\":{\"@type\":\"ImageObject\",\"inLanguage\":\"tr\",\"@id\":\"https:\\\/\\\/www.phiatolye.com\\\/#\\\/schema\\\/logo\\\/image\\\/\",\"url\":\"https:\\\/\\\/www.phiatolye.com\\\/wp-content\\\/uploads\\\/2020\\\/01\\\/Phi-gri.jpg\",\"contentUrl\":\"https:\\\/\\\/www.phiatolye.com\\\/wp-content\\\/uploads\\\/2020\\\/01\\\/Phi-gri.jpg\",\"width\":1200,\"height\":819,\"caption\":\"Phi Foto\u011fraf\u00e7\u0131l\u0131k Kursu\"},\"image\":{\"@id\":\"https:\\\/\\\/www.phiatolye.com\\\/#\\\/schema\\\/logo\\\/image\\\/\"},\"sameAs\":[\"https:\\\/\\\/www.facebook.com\\\/phifotografatolyesi\",\"https:\\\/\\\/x.com\\\/cnytkckn\",\"https:\\\/\\\/www.instagram.com\\\/cnytkckn\\\/\",\"https:\\\/\\\/www.youtube.com\\\/@phifotografatolyesi\"]}]}<\/script>\n<!-- \/ Yoast SEO plugin. -->","yoast_head_json":{"title":"Hakk\u0131m\u0131zda - P h i A t \u00f6 l y e","robots":{"index":"index","follow":"follow","max-snippet":"max-snippet:-1","max-image-preview":"max-image-preview:large","max-video-preview":"max-video-preview:-1"},"canonical":"https:\/\/www.phiatolye.com\/index.php\/hakkimizda\/","og_locale":"tr_TR","og_type":"article","og_title":"Hakk\u0131m\u0131zda - P h i A t \u00f6 l y e","og_description":"Biz her zaman Haz\u0131r\u0131z ! 1973 Y\u0131l\u0131nda Bursa da eski Bursal\u0131 bir ailenin ferdi olarak D\u00fcnyaya geldi. \u00d6\u011frenimini Bursa da tamamlad\u0131 1993 y\u0131l\u0131ndan beri i\u015f hayat\u0131nda ilk y\u0131llarda IT sekt\u00f6r\u00fcnde \u00e7al\u0131\u015fmas\u0131na ra\u011fmen 1996 y\u0131l\u0131ndan beri ila\u00e7 ve sa\u011fl\u0131k sekt\u00f6r\u00fcnde T\u0131bbi m\u00fcmessil olarak ba\u015flad\u0131\u011f\u0131 g\u00f6revinde s\u0131ras\u0131 &hellip; Continue readingHakk\u0131m\u0131zda","og_url":"https:\/\/www.phiatolye.com\/index.php\/hakkimizda\/","og_site_name":"P h i A t \u00f6 l y e","article_publisher":"https:\/\/www.facebook.com\/phifotografatolyesi","article_modified_time":"2024-11-17T19:01:57+00:00","twitter_card":"summary_large_image","twitter_site":"@cnytkckn","twitter_misc":{"Tahmini okuma s\u00fcresi":"2 dakika"},"schema":{"@context":"https:\/\/schema.org","@graph":[{"@type":"WebPage","@id":"https:\/\/www.phiatolye.com\/index.php\/hakkimizda\/","url":"https:\/\/www.phiatolye.com\/index.php\/hakkimizda\/","name":"Hakk\u0131m\u0131zda - P h i A t \u00f6 l y e","isPartOf":{"@id":"https:\/\/www.phiatolye.com\/#website"},"datePublished":"2019-05-30T05:59:19+00:00","dateModified":"2024-11-17T19:01:57+00:00","breadcrumb":{"@id":"https:\/\/www.phiatolye.com\/index.php\/hakkimizda\/#breadcrumb"},"inLanguage":"tr","potentialAction":[{"@type":"ReadAction","target":["https:\/\/www.phiatolye.com\/index.php\/hakkimizda\/"]}]},{"@type":"BreadcrumbList","@id":"https:\/\/www.phiatolye.com\/index.php\/hakkimizda\/#breadcrumb","itemListElement":[{"@type":"ListItem","position":1,"name":"Anasayfa","item":"https:\/\/www.phiatolye.com\/"},{"@type":"ListItem","position":2,"name":"Hakk\u0131m\u0131zda"}]},{"@type":"WebSite","@id":"https:\/\/www.phiatolye.com\/#website","url":"https:\/\/www.phiatolye.com\/","name":"Phi Foto\u011ffaf at\u00f6lyesi","description":"Bursa Foto\u011fraf\u00e7\u0131l\u0131k Kursu","publisher":{"@id":"https:\/\/www.phiatolye.com\/#organization"},"potentialAction":[{"@type":"SearchAction","target":{"@type":"EntryPoint","urlTemplate":"https:\/\/www.phiatolye.com\/?s={search_term_string}"},"query-input":{"@type":"PropertyValueSpecification","valueRequired":true,"valueName":"search_term_string"}}],"inLanguage":"tr"},{"@type":"Organization","@id":"https:\/\/www.phiatolye.com\/#organization","name":"Phi Foto\u011fraf\u00e7\u0131l\u0131k Kursu","url":"https:\/\/www.phiatolye.com\/","logo":{"@type":"ImageObject","inLanguage":"tr","@id":"https:\/\/www.phiatolye.com\/#\/schema\/logo\/image\/","url":"https:\/\/www.phiatolye.com\/wp-content\/uploads\/2020\/01\/Phi-gri.jpg","contentUrl":"https:\/\/www.phiatolye.com\/wp-content\/uploads\/2020\/01\/Phi-gri.jpg","width":1200,"height":819,"caption":"Phi Foto\u011fraf\u00e7\u0131l\u0131k Kursu"},"image":{"@id":"https:\/\/www.phiatolye.com\/#\/schema\/logo\/image\/"},"sameAs":["https:\/\/www.facebook.com\/phifotografatolyesi","https:\/\/x.com\/cnytkckn","https:\/\/www.instagram.com\/cnytkckn\/","https:\/\/www.youtube.com\/@phifotografatolyesi"]}]}},"_links":{"self":[{"href":"https:\/\/www.phiatolye.com\/index.php\/wp-json\/wp\/v2\/pages\/80","targetHints":{"allow":["GET"]}}],"collection":[{"href":"https:\/\/www.phiatolye.com\/index.php\/wp-json\/wp\/v2\/pages"}],"about":[{"href":"https:\/\/www.phiatolye.com\/index.php\/wp-json\/wp\/v2\/types\/page"}],"author":[{"embeddable":true,"href":"https:\/\/www.phiatolye.com\/index.php\/wp-json\/wp\/v2\/users\/1"}],"replies":[{"embeddable":true,"href":"https:\/\/www.phiatolye.com\/index.php\/wp-json\/wp\/v2\/comments?post=80"}],"version-history":[{"count":54,"href":"https:\/\/www.phiatolye.com\/index.php\/wp-json\/wp\/v2\/pages\/80\/revisions"}],"predecessor-version":[{"id":4031,"href":"https:\/\/www.phiatolye.com\/index.php\/wp-json\/wp\/v2\/pages\/80\/revisions\/4031"}],"wp:attachment":[{"href":"https:\/\/www.phiatolye.com\/index.php\/wp-json\/wp\/v2\/media?parent=80"}],"curies":[{"name":"wp","href":"https:\/\/api.w.org\/{rel}","templated":true}]}}