{"id":11,"date":"2019-05-29T22:29:30","date_gmt":"2019-05-29T19:29:30","guid":{"rendered":"http:\/\/www.phiatolye.com\/?page_id=11"},"modified":"2024-03-01T02:53:18","modified_gmt":"2024-02-29T23:53:18","slug":"iletisim","status":"publish","type":"page","link":"https:\/\/www.phiatolye.com\/index.php\/iletisim\/","title":{"rendered":"\u0130leti\u015fim"},"content":{"rendered":"\t\t<div data-elementor-type=\"wp-post\" data-elementor-id=\"11\" class=\"elementor elementor-11\">\n\t\t\t\t\t\t<section class=\"elementor-section elementor-top-section elementor-element elementor-element-bb795de elementor-section-boxed elementor-section-height-default elementor-section-height-default\" data-id=\"bb795de\" data-element_type=\"section\" data-e-type=\"section\">\n\t\t\t\t\t\t<div class=\"elementor-container elementor-column-gap-default\">\n\t\t\t\t\t<div class=\"elementor-column elementor-col-100 elementor-top-column elementor-element elementor-element-2239367\" data-id=\"2239367\" data-element_type=\"column\" data-e-type=\"column\">\n\t\t\t<div class=\"elementor-widget-wrap elementor-element-populated\">\n\t\t\t\t\t\t<div class=\"elementor-element elementor-element-9aeb86e elementor-widget elementor-widget-text-editor\" data-id=\"9aeb86e\" data-element_type=\"widget\" data-e-type=\"widget\" data-widget_type=\"text-editor.default\">\n\t\t\t\t<div class=\"elementor-widget-container\">\n\t\t\t\t\t\t\t\t\t<p>Bilgi i\u00e7in formu doldurunuz. Hemen aramak i\u00e7in : 0 532 208 80 11<br>Adres:&nbsp;Be\u015fevler , Konak Mah. Y\u00fcksel Sok. No:1\/2&nbsp; Nil\u00fcfer\/Bursa &#8211; Bursa Foto\u011fraf\u00e7\u0131l\u0131k Kursu &#8211; Phi Foto\u011fraf At\u00f6lyesi<br>Metro ile gelecek foto\u011fraf\u00e7\u0131 arkada\u015flar\u0131m\u0131z : FSM metro istasyonunda inerek Nev Anadolu hastanesi taraf\u0131ndan \u00e7\u0131karak Konak k\u00fclt\u00fcr merkezi yoluna giriniz , Konak k\u00fclt\u00fcr merkezine d\u00f6nmeden d\u00fcz devam edinniz yakla\u015f\u0131k 200 metre sonra ikiye ayr\u0131lan&nbsp; yoldan hafif sa\u011fa d\u00f6nd\u00fcn\u00fcz ve at\u00f6lyemize ho\u015fgeldiniz. \ud83d\ude42 Toplam : 750 metre &#8211;&nbsp; <strong><span style=\"color: #993300;\">Y\u00dcR\u00dcY\u00dc\u015e&nbsp;KROK\u0130S\u0130&nbsp; HAR\u0130TANIN ALTINDADIR.<br>&#8211;<\/span><\/strong><b style=\"color: rgb(153, 51, 0); font-family: var( --e-global-typography-text-font-family ), Sans-serif; font-size: 1.0625rem;\">Yak\u0131n\u0131ndan ge\u00e7en otob\u00fcs hatlar\u0131: 6F, 6FD, 6K1, B43, B44, E12, E13<\/b><\/p>\t\t\t\t\t\t\t\t<\/div>\n\t\t\t\t<\/div>\n\t\t\t\t\t<\/div>\n\t\t<\/div>\n\t\t\t\t\t<\/div>\n\t\t<\/section>\n\t\t\t\t<section class=\"elementor-section elementor-top-section elementor-element elementor-element-87c2616 elementor-section-boxed elementor-section-height-default elementor-section-height-default\" data-id=\"87c2616\" data-element_type=\"section\" data-e-type=\"section\">\n\t\t\t\t\t\t<div class=\"elementor-container elementor-column-gap-default\">\n\t\t\t\t\t<div class=\"elementor-column elementor-col-100 elementor-top-column elementor-element elementor-element-8f98c9f\" data-id=\"8f98c9f\" data-element_type=\"column\" data-e-type=\"column\">\n\t\t\t<div class=\"elementor-widget-wrap elementor-element-populated\">\n\t\t\t\t\t\t<div class=\"elementor-element elementor-element-bc821b8 elementor-widget elementor-widget-google_maps\" data-id=\"bc821b8\" data-element_type=\"widget\" data-e-type=\"widget\" data-widget_type=\"google_maps.default\">\n\t\t\t\t<div class=\"elementor-widget-container\">\n\t\t\t\t\t\t\t<div class=\"elementor-custom-embed\">\n\t\t\t<iframe loading=\"lazy\"\n\t\t\t\t\tsrc=\"https:\/\/maps.google.com\/maps?q=Be%C5%9Fevler%20%2C%20Konak%20Mah.%20Y%C3%BCksel%20Sok.%20No%3A1%2F2%C2%A0%20Nil%C3%BCfer%2FBursa&#038;t=m&#038;z=15&#038;output=embed&#038;iwloc=near\"\n\t\t\t\t\ttitle=\"Be\u015fevler , Konak Mah. Y\u00fcksel Sok. No:1\/2\u00a0 Nil\u00fcfer\/Bursa\"\n\t\t\t\t\taria-label=\"Be\u015fevler , Konak Mah. Y\u00fcksel Sok. No:1\/2\u00a0 Nil\u00fcfer\/Bursa\"\n\t\t\t><\/iframe>\n\t\t<\/div>\n\t\t\t\t\t\t<\/div>\n\t\t\t\t<\/div>\n\t\t\t\t\t<\/div>\n\t\t<\/div>\n\t\t\t\t\t<\/div>\n\t\t<\/section>\n\t\t\t\t<section class=\"elementor-section elementor-top-section elementor-element elementor-element-1ef67ee elementor-section-boxed elementor-section-height-default elementor-section-height-default\" data-id=\"1ef67ee\" data-element_type=\"section\" data-e-type=\"section\">\n\t\t\t\t\t\t<div class=\"elementor-container elementor-column-gap-default\">\n\t\t\t\t\t<div class=\"elementor-column elementor-col-100 elementor-top-column elementor-element elementor-element-5cefd2c\" data-id=\"5cefd2c\" data-element_type=\"column\" data-e-type=\"column\">\n\t\t\t<div class=\"elementor-widget-wrap elementor-element-populated\">\n\t\t\t\t\t\t<div class=\"elementor-element elementor-element-9db66a8 elementor-widget elementor-widget-image\" data-id=\"9db66a8\" data-element_type=\"widget\" data-e-type=\"widget\" data-widget_type=\"image.default\">\n\t\t\t\t<div class=\"elementor-widget-container\">\n\t\t\t\t\t\t\t\t\t\t\t\t\t\t\t<img fetchpriority=\"high\" decoding=\"async\" width=\"756\" height=\"415\" src=\"https:\/\/www.phiatolye.com\/wp-content\/uploads\/2023\/10\/WhatsApp-Image-2023-10-02-at-18.27.50-1024x562.jpeg\" class=\"attachment-large size-large wp-image-2660\" alt=\"\" srcset=\"https:\/\/www.phiatolye.com\/wp-content\/uploads\/2023\/10\/WhatsApp-Image-2023-10-02-at-18.27.50-1024x562.jpeg 1024w, https:\/\/www.phiatolye.com\/wp-content\/uploads\/2023\/10\/WhatsApp-Image-2023-10-02-at-18.27.50-300x165.jpeg 300w, https:\/\/www.phiatolye.com\/wp-content\/uploads\/2023\/10\/WhatsApp-Image-2023-10-02-at-18.27.50-768x422.jpeg 768w, https:\/\/www.phiatolye.com\/wp-content\/uploads\/2023\/10\/WhatsApp-Image-2023-10-02-at-18.27.50-600x329.jpeg 600w, https:\/\/www.phiatolye.com\/wp-content\/uploads\/2023\/10\/WhatsApp-Image-2023-10-02-at-18.27.50.jpeg 1073w\" sizes=\"(max-width: 756px) 100vw, 756px\" \/>\t\t\t\t\t\t\t\t\t\t\t\t\t\t\t<\/div>\n\t\t\t\t<\/div>\n\t\t\t\t\t<\/div>\n\t\t<\/div>\n\t\t\t\t\t<\/div>\n\t\t<\/section>\n\t\t\t\t<section class=\"elementor-section elementor-top-section elementor-element elementor-element-bd2fe44 elementor-section-boxed elementor-section-height-default elementor-section-height-default\" data-id=\"bd2fe44\" data-element_type=\"section\" data-e-type=\"section\">\n\t\t\t\t\t\t<div class=\"elementor-container elementor-column-gap-default\">\n\t\t\t\t\t<div class=\"elementor-column elementor-col-100 elementor-top-column elementor-element elementor-element-0e4cf9f\" data-id=\"0e4cf9f\" data-element_type=\"column\" data-e-type=\"column\">\n\t\t\t<div class=\"elementor-widget-wrap elementor-element-populated\">\n\t\t\t\t\t\t<div class=\"elementor-element elementor-element-e026b79 elementor-widget elementor-widget-shortcode\" data-id=\"e026b79\" data-element_type=\"widget\" data-e-type=\"widget\" data-widget_type=\"shortcode.default\">\n\t\t\t\t<div class=\"elementor-widget-container\">\n\t\t\t\t\t\t\t<div class=\"elementor-shortcode\">\n<div class=\"wpcf7 no-js\" id=\"wpcf7-f2461-o1\" lang=\"tr-TR\" dir=\"ltr\" data-wpcf7-id=\"2461\">\n<div class=\"screen-reader-response\"><p role=\"status\" aria-live=\"polite\" aria-atomic=\"true\"><\/p> <ul><\/ul><\/div>\n<form action=\"\/index.php\/wp-json\/wp\/v2\/pages\/11#wpcf7-f2461-o1\" method=\"post\" class=\"wpcf7-form init\" aria-label=\"\u0130leti\u015fim Formu\" novalidate=\"novalidate\" data-status=\"init\">\n<fieldset class=\"hidden-fields-container\"><input type=\"hidden\" name=\"_wpcf7\" value=\"2461\" \/><input type=\"hidden\" name=\"_wpcf7_version\" value=\"6.1.5\" \/><input type=\"hidden\" name=\"_wpcf7_locale\" value=\"tr_TR\" \/><input type=\"hidden\" name=\"_wpcf7_unit_tag\" value=\"wpcf7-f2461-o1\" \/><input type=\"hidden\" name=\"_wpcf7_container_post\" value=\"0\" \/><input type=\"hidden\" name=\"_wpcf7_posted_data_hash\" value=\"\" \/>\n<\/fieldset>\n<p><label> Ad\u0131n\u0131z<br \/>\n<span class=\"wpcf7-form-control-wrap\" data-name=\"your-name\"><input size=\"40\" maxlength=\"400\" class=\"wpcf7-form-control wpcf7-text wpcf7-validates-as-required\" aria-required=\"true\" aria-invalid=\"false\" value=\"\" type=\"text\" name=\"your-name\" \/><\/span> <\/label>\n<\/p>\n<p><label> Telefon<br \/>\n<span class=\"wpcf7-form-control-wrap\" data-name=\"tel-583\"><input size=\"40\" maxlength=\"400\" class=\"wpcf7-form-control wpcf7-tel wpcf7-validates-as-required wpcf7-text wpcf7-validates-as-tel\" aria-required=\"true\" aria-invalid=\"false\" value=\"\" type=\"tel\" name=\"tel-583\" \/><\/span> <\/label>\n<\/p>\n<p><label> E-posta adresiniz<br \/>\n<span class=\"wpcf7-form-control-wrap\" data-name=\"your-email\"><input size=\"40\" maxlength=\"400\" class=\"wpcf7-form-control wpcf7-email wpcf7-validates-as-required wpcf7-text wpcf7-validates-as-email\" aria-required=\"true\" aria-invalid=\"false\" value=\"\" type=\"email\" name=\"your-email\" \/><\/span> <\/label>\n<\/p>\n<p><label> Konu<br \/>\n<span class=\"wpcf7-form-control-wrap\" data-name=\"your-subject\"><input size=\"40\" maxlength=\"400\" class=\"wpcf7-form-control wpcf7-text wpcf7-validates-as-required\" aria-required=\"true\" aria-invalid=\"false\" value=\"\" type=\"text\" name=\"your-subject\" \/><\/span> <\/label>\n<\/p>\n<p><label> \u0130letiniz (tercihe ba\u011fl\u0131)<br \/>\n<span class=\"wpcf7-form-control-wrap\" data-name=\"your-message\"><textarea cols=\"40\" rows=\"10\" maxlength=\"2000\" class=\"wpcf7-form-control wpcf7-textarea\" aria-invalid=\"false\" name=\"your-message\"><\/textarea><\/span> <\/label>\n<\/p>\n<p><input class=\"wpcf7-form-control wpcf7-submit has-spinner\" type=\"submit\" value=\"G\u00f6nder\" \/>\n<\/p><div class=\"wpcf7-response-output\" aria-hidden=\"true\"><\/div>\n<\/form>\n<\/div>\n<\/div>\n\t\t\t\t\t\t<\/div>\n\t\t\t\t<\/div>\n\t\t\t\t\t<\/div>\n\t\t<\/div>\n\t\t\t\t\t<\/div>\n\t\t<\/section>\n\t\t\t\t<\/div>\n\t\t","protected":false},"excerpt":{"rendered":"<p>Bilgi i\u00e7in formu doldurunuz. Hemen aramak i\u00e7in : 0 532 208 80 11Adres:&nbsp;Be\u015fevler , Konak Mah. Y\u00fcksel Sok. No:1\/2&nbsp; Nil\u00fcfer\/Bursa &#8211; Bursa Foto\u011fraf\u00e7\u0131l\u0131k Kursu &#8211; Phi Foto\u011fraf At\u00f6lyesiMetro ile gelecek foto\u011fraf\u00e7\u0131 arkada\u015flar\u0131m\u0131z : FSM metro istasyonunda inerek Nev Anadolu hastanesi taraf\u0131ndan \u00e7\u0131karak Konak k\u00fclt\u00fcr merkezi &hellip; <a href=\"https:\/\/www.phiatolye.com\/index.php\/iletisim\/\" class=\"more-link\"><span>Continue reading<span class=\"screen-reader-text\">\u0130leti\u015fim<\/span><\/span><\/a><\/p>\n","protected":false},"author":1,"featured_media":0,"parent":0,"menu_order":12,"comment_status":"closed","ping_status":"closed","template":"elementor_header_footer","meta":{"_joinchat":[],"footnotes":"","_links_to":"","_links_to_target":""},"class_list":["post-11","page","type-page","status-publish","hentry"],"yoast_head":"<!-- This site is optimized with the Yoast SEO plugin v27.4 - https:\/\/yoast.com\/product\/yoast-seo-wordpress\/ -->\n<title>\u0130leti\u015fim - P h i A t \u00f6 l y e<\/title>\n<meta name=\"robots\" content=\"index, follow, max-snippet:-1, max-image-preview:large, max-video-preview:-1\" \/>\n<link rel=\"canonical\" href=\"https:\/\/www.phiatolye.com\/index.php\/iletisim\/\" \/>\n<meta property=\"og:locale\" content=\"tr_TR\" \/>\n<meta property=\"og:type\" content=\"article\" \/>\n<meta property=\"og:title\" content=\"\u0130leti\u015fim - P h i A t \u00f6 l y e\" \/>\n<meta property=\"og:description\" content=\"Bilgi i\u00e7in formu doldurunuz. Hemen aramak i\u00e7in : 0 532 208 80 11Adres:&nbsp;Be\u015fevler , Konak Mah. Y\u00fcksel Sok. No:1\/2&nbsp; Nil\u00fcfer\/Bursa &#8211; Bursa Foto\u011fraf\u00e7\u0131l\u0131k Kursu &#8211; Phi Foto\u011fraf At\u00f6lyesiMetro ile gelecek foto\u011fraf\u00e7\u0131 arkada\u015flar\u0131m\u0131z : FSM metro istasyonunda inerek Nev Anadolu hastanesi taraf\u0131ndan \u00e7\u0131karak Konak k\u00fclt\u00fcr merkezi &hellip; Continue reading\u0130leti\u015fim\" \/>\n<meta property=\"og:url\" content=\"https:\/\/www.phiatolye.com\/index.php\/iletisim\/\" \/>\n<meta property=\"og:site_name\" content=\"P h i A t \u00f6 l y e\" \/>\n<meta property=\"article:publisher\" content=\"https:\/\/www.facebook.com\/phifotografatolyesi\" \/>\n<meta property=\"article:modified_time\" content=\"2024-02-29T23:53:18+00:00\" \/>\n<meta property=\"og:image\" content=\"https:\/\/www.phiatolye.com\/wp-content\/uploads\/2023\/10\/WhatsApp-Image-2023-10-02-at-18.27.50.jpeg\" \/>\n\t<meta property=\"og:image:width\" content=\"1073\" \/>\n\t<meta property=\"og:image:height\" content=\"589\" \/>\n\t<meta property=\"og:image:type\" content=\"image\/jpeg\" \/>\n<meta name=\"twitter:card\" content=\"summary_large_image\" \/>\n<meta name=\"twitter:site\" content=\"@cnytkckn\" \/>\n<meta name=\"twitter:label1\" content=\"Tahmini okuma s\u00fcresi\" \/>\n\t<meta name=\"twitter:data1\" content=\"1 dakika\" \/>\n<script type=\"application\/ld+json\" class=\"yoast-schema-graph\">{\"@context\":\"https:\\\/\\\/schema.org\",\"@graph\":[{\"@type\":\"WebPage\",\"@id\":\"https:\\\/\\\/www.phiatolye.com\\\/index.php\\\/iletisim\\\/\",\"url\":\"https:\\\/\\\/www.phiatolye.com\\\/index.php\\\/iletisim\\\/\",\"name\":\"\u0130leti\u015fim - P h i A t \u00f6 l y e\",\"isPartOf\":{\"@id\":\"https:\\\/\\\/www.phiatolye.com\\\/#website\"},\"primaryImageOfPage\":{\"@id\":\"https:\\\/\\\/www.phiatolye.com\\\/index.php\\\/iletisim\\\/#primaryimage\"},\"image\":{\"@id\":\"https:\\\/\\\/www.phiatolye.com\\\/index.php\\\/iletisim\\\/#primaryimage\"},\"thumbnailUrl\":\"https:\\\/\\\/www.phiatolye.com\\\/wp-content\\\/uploads\\\/2023\\\/10\\\/WhatsApp-Image-2023-10-02-at-18.27.50-1024x562.jpeg\",\"datePublished\":\"2019-05-29T19:29:30+00:00\",\"dateModified\":\"2024-02-29T23:53:18+00:00\",\"breadcrumb\":{\"@id\":\"https:\\\/\\\/www.phiatolye.com\\\/index.php\\\/iletisim\\\/#breadcrumb\"},\"inLanguage\":\"tr\",\"potentialAction\":[{\"@type\":\"ReadAction\",\"target\":[\"https:\\\/\\\/www.phiatolye.com\\\/index.php\\\/iletisim\\\/\"]}]},{\"@type\":\"ImageObject\",\"inLanguage\":\"tr\",\"@id\":\"https:\\\/\\\/www.phiatolye.com\\\/index.php\\\/iletisim\\\/#primaryimage\",\"url\":\"https:\\\/\\\/www.phiatolye.com\\\/wp-content\\\/uploads\\\/2023\\\/10\\\/WhatsApp-Image-2023-10-02-at-18.27.50.jpeg\",\"contentUrl\":\"https:\\\/\\\/www.phiatolye.com\\\/wp-content\\\/uploads\\\/2023\\\/10\\\/WhatsApp-Image-2023-10-02-at-18.27.50.jpeg\",\"width\":1073,\"height\":589},{\"@type\":\"BreadcrumbList\",\"@id\":\"https:\\\/\\\/www.phiatolye.com\\\/index.php\\\/iletisim\\\/#breadcrumb\",\"itemListElement\":[{\"@type\":\"ListItem\",\"position\":1,\"name\":\"Anasayfa\",\"item\":\"https:\\\/\\\/www.phiatolye.com\\\/\"},{\"@type\":\"ListItem\",\"position\":2,\"name\":\"\u0130leti\u015fim\"}]},{\"@type\":\"WebSite\",\"@id\":\"https:\\\/\\\/www.phiatolye.com\\\/#website\",\"url\":\"https:\\\/\\\/www.phiatolye.com\\\/\",\"name\":\"Phi Foto\u011ffaf at\u00f6lyesi\",\"description\":\"Bursa Foto\u011fraf\u00e7\u0131l\u0131k Kursu\",\"publisher\":{\"@id\":\"https:\\\/\\\/www.phiatolye.com\\\/#organization\"},\"potentialAction\":[{\"@type\":\"SearchAction\",\"target\":{\"@type\":\"EntryPoint\",\"urlTemplate\":\"https:\\\/\\\/www.phiatolye.com\\\/?s={search_term_string}\"},\"query-input\":{\"@type\":\"PropertyValueSpecification\",\"valueRequired\":true,\"valueName\":\"search_term_string\"}}],\"inLanguage\":\"tr\"},{\"@type\":\"Organization\",\"@id\":\"https:\\\/\\\/www.phiatolye.com\\\/#organization\",\"name\":\"Phi Foto\u011fraf\u00e7\u0131l\u0131k Kursu\",\"url\":\"https:\\\/\\\/www.phiatolye.com\\\/\",\"logo\":{\"@type\":\"ImageObject\",\"inLanguage\":\"tr\",\"@id\":\"https:\\\/\\\/www.phiatolye.com\\\/#\\\/schema\\\/logo\\\/image\\\/\",\"url\":\"https:\\\/\\\/www.phiatolye.com\\\/wp-content\\\/uploads\\\/2020\\\/01\\\/Phi-gri.jpg\",\"contentUrl\":\"https:\\\/\\\/www.phiatolye.com\\\/wp-content\\\/uploads\\\/2020\\\/01\\\/Phi-gri.jpg\",\"width\":1200,\"height\":819,\"caption\":\"Phi Foto\u011fraf\u00e7\u0131l\u0131k Kursu\"},\"image\":{\"@id\":\"https:\\\/\\\/www.phiatolye.com\\\/#\\\/schema\\\/logo\\\/image\\\/\"},\"sameAs\":[\"https:\\\/\\\/www.facebook.com\\\/phifotografatolyesi\",\"https:\\\/\\\/x.com\\\/cnytkckn\",\"https:\\\/\\\/www.instagram.com\\\/cnytkckn\\\/\",\"https:\\\/\\\/www.youtube.com\\\/@phifotografatolyesi\"]}]}<\/script>\n<!-- \/ Yoast SEO plugin. -->","yoast_head_json":{"title":"\u0130leti\u015fim - P h i A t \u00f6 l y e","robots":{"index":"index","follow":"follow","max-snippet":"max-snippet:-1","max-image-preview":"max-image-preview:large","max-video-preview":"max-video-preview:-1"},"canonical":"https:\/\/www.phiatolye.com\/index.php\/iletisim\/","og_locale":"tr_TR","og_type":"article","og_title":"\u0130leti\u015fim - P h i A t \u00f6 l y e","og_description":"Bilgi i\u00e7in formu doldurunuz. Hemen aramak i\u00e7in : 0 532 208 80 11Adres:&nbsp;Be\u015fevler , Konak Mah. Y\u00fcksel Sok. No:1\/2&nbsp; Nil\u00fcfer\/Bursa &#8211; Bursa Foto\u011fraf\u00e7\u0131l\u0131k Kursu &#8211; Phi Foto\u011fraf At\u00f6lyesiMetro ile gelecek foto\u011fraf\u00e7\u0131 arkada\u015flar\u0131m\u0131z : FSM metro istasyonunda inerek Nev Anadolu hastanesi taraf\u0131ndan \u00e7\u0131karak Konak k\u00fclt\u00fcr merkezi &hellip; Continue reading\u0130leti\u015fim","og_url":"https:\/\/www.phiatolye.com\/index.php\/iletisim\/","og_site_name":"P h i A t \u00f6 l y e","article_publisher":"https:\/\/www.facebook.com\/phifotografatolyesi","article_modified_time":"2024-02-29T23:53:18+00:00","og_image":[{"width":1073,"height":589,"url":"https:\/\/www.phiatolye.com\/wp-content\/uploads\/2023\/10\/WhatsApp-Image-2023-10-02-at-18.27.50.jpeg","type":"image\/jpeg"}],"twitter_card":"summary_large_image","twitter_site":"@cnytkckn","twitter_misc":{"Tahmini okuma s\u00fcresi":"1 dakika"},"schema":{"@context":"https:\/\/schema.org","@graph":[{"@type":"WebPage","@id":"https:\/\/www.phiatolye.com\/index.php\/iletisim\/","url":"https:\/\/www.phiatolye.com\/index.php\/iletisim\/","name":"\u0130leti\u015fim - P h i A t \u00f6 l y e","isPartOf":{"@id":"https:\/\/www.phiatolye.com\/#website"},"primaryImageOfPage":{"@id":"https:\/\/www.phiatolye.com\/index.php\/iletisim\/#primaryimage"},"image":{"@id":"https:\/\/www.phiatolye.com\/index.php\/iletisim\/#primaryimage"},"thumbnailUrl":"https:\/\/www.phiatolye.com\/wp-content\/uploads\/2023\/10\/WhatsApp-Image-2023-10-02-at-18.27.50-1024x562.jpeg","datePublished":"2019-05-29T19:29:30+00:00","dateModified":"2024-02-29T23:53:18+00:00","breadcrumb":{"@id":"https:\/\/www.phiatolye.com\/index.php\/iletisim\/#breadcrumb"},"inLanguage":"tr","potentialAction":[{"@type":"ReadAction","target":["https:\/\/www.phiatolye.com\/index.php\/iletisim\/"]}]},{"@type":"ImageObject","inLanguage":"tr","@id":"https:\/\/www.phiatolye.com\/index.php\/iletisim\/#primaryimage","url":"https:\/\/www.phiatolye.com\/wp-content\/uploads\/2023\/10\/WhatsApp-Image-2023-10-02-at-18.27.50.jpeg","contentUrl":"https:\/\/www.phiatolye.com\/wp-content\/uploads\/2023\/10\/WhatsApp-Image-2023-10-02-at-18.27.50.jpeg","width":1073,"height":589},{"@type":"BreadcrumbList","@id":"https:\/\/www.phiatolye.com\/index.php\/iletisim\/#breadcrumb","itemListElement":[{"@type":"ListItem","position":1,"name":"Anasayfa","item":"https:\/\/www.phiatolye.com\/"},{"@type":"ListItem","position":2,"name":"\u0130leti\u015fim"}]},{"@type":"WebSite","@id":"https:\/\/www.phiatolye.com\/#website","url":"https:\/\/www.phiatolye.com\/","name":"Phi Foto\u011ffaf at\u00f6lyesi","description":"Bursa Foto\u011fraf\u00e7\u0131l\u0131k Kursu","publisher":{"@id":"https:\/\/www.phiatolye.com\/#organization"},"potentialAction":[{"@type":"SearchAction","target":{"@type":"EntryPoint","urlTemplate":"https:\/\/www.phiatolye.com\/?s={search_term_string}"},"query-input":{"@type":"PropertyValueSpecification","valueRequired":true,"valueName":"search_term_string"}}],"inLanguage":"tr"},{"@type":"Organization","@id":"https:\/\/www.phiatolye.com\/#organization","name":"Phi Foto\u011fraf\u00e7\u0131l\u0131k Kursu","url":"https:\/\/www.phiatolye.com\/","logo":{"@type":"ImageObject","inLanguage":"tr","@id":"https:\/\/www.phiatolye.com\/#\/schema\/logo\/image\/","url":"https:\/\/www.phiatolye.com\/wp-content\/uploads\/2020\/01\/Phi-gri.jpg","contentUrl":"https:\/\/www.phiatolye.com\/wp-content\/uploads\/2020\/01\/Phi-gri.jpg","width":1200,"height":819,"caption":"Phi Foto\u011fraf\u00e7\u0131l\u0131k Kursu"},"image":{"@id":"https:\/\/www.phiatolye.com\/#\/schema\/logo\/image\/"},"sameAs":["https:\/\/www.facebook.com\/phifotografatolyesi","https:\/\/x.com\/cnytkckn","https:\/\/www.instagram.com\/cnytkckn\/","https:\/\/www.youtube.com\/@phifotografatolyesi"]}]}},"_links":{"self":[{"href":"https:\/\/www.phiatolye.com\/index.php\/wp-json\/wp\/v2\/pages\/11","targetHints":{"allow":["GET"]}}],"collection":[{"href":"https:\/\/www.phiatolye.com\/index.php\/wp-json\/wp\/v2\/pages"}],"about":[{"href":"https:\/\/www.phiatolye.com\/index.php\/wp-json\/wp\/v2\/types\/page"}],"author":[{"embeddable":true,"href":"https:\/\/www.phiatolye.com\/index.php\/wp-json\/wp\/v2\/users\/1"}],"replies":[{"embeddable":true,"href":"https:\/\/www.phiatolye.com\/index.php\/wp-json\/wp\/v2\/comments?post=11"}],"version-history":[{"count":49,"href":"https:\/\/www.phiatolye.com\/index.php\/wp-json\/wp\/v2\/pages\/11\/revisions"}],"predecessor-version":[{"id":3149,"href":"https:\/\/www.phiatolye.com\/index.php\/wp-json\/wp\/v2\/pages\/11\/revisions\/3149"}],"wp:attachment":[{"href":"https:\/\/www.phiatolye.com\/index.php\/wp-json\/wp\/v2\/media?parent=11"}],"curies":[{"name":"wp","href":"https:\/\/api.w.org\/{rel}","templated":true}]}}